{"id":11,"date":"2022-11-29T15:44:48","date_gmt":"2022-11-29T15:44:48","guid":{"rendered":"http:\/\/stepadvising.com\/?page_id=11"},"modified":"2022-11-29T15:46:08","modified_gmt":"2022-11-29T15:46:08","slug":"management","status":"publish","type":"page","link":"https:\/\/stepadvising.com\/en\/sample-page\/management\/","title":{"rendered":"Management"},"content":{"rendered":"<p>We offer the following services:<\/p>\n\n\n\n<p>\u2013 Strategy, organization and operation of oil, gas and mining companies<\/p>\n\n\n\n<p>\u2013 Asset assessment and management<\/p>\n\n\n\n<p>\u2013 Preparation and effective conduct of statutory and technical meetings<\/p>\n\n\n\n<p>\u2013 Effective monitoring, coordination and reporting of operations<\/p>\n\n\n\n<p>\u2013 Monitoring of oil, gas and mining contracts<\/p>\n\n\n\n<p>\u2013 Advice and provision of qualified labor for oil, gas and mining operations<\/p>\n\n\n\n<p>\u2013 Strengthening professional capacities; \u2013 Advice on investment opportunities and general facilitation in the hydrocarbon and mining sector in the sub-region and Africa.<\/p>","protected":false},"excerpt":{"rendered":"<p>Nous vous proposons les services suivants : &#8211; Strat\u00e9gie, organisation et fonctionnement des entreprises p\u00e9troli\u00e8res, gazi\u00e8res et mini\u00e8res ; &#8211; \u00c9valuation et gestion des actifs ; &#8211; Pr\u00e9paration et conduite efficace des r\u00e9unions statutaires et techniques ; &#8211; Suivi efficace, coordination et reporting des op\u00e9rations ; &#8211; Suivi des contrats p\u00e9troliers, gaziers et miniers ;<\/p>\n<p class=\"more-link\"><a href=\"https:\/\/stepadvising.com\/en\/sample-page\/management\/\" class=\"themebutton\">Read More<\/a><\/p>","protected":false},"author":1,"featured_media":0,"parent":2,"menu_order":1,"comment_status":"closed","ping_status":"closed","template":"","meta":{"footnotes":""},"class_list":["post-11","page","type-page","status-publish","hentry"],"_links":{"self":[{"href":"https:\/\/stepadvising.com\/en\/wp-json\/wp\/v2\/pages\/11","targetHints":{"allow":["GET"]}}],"collection":[{"href":"https:\/\/stepadvising.com\/en\/wp-json\/wp\/v2\/pages"}],"about":[{"href":"https:\/\/stepadvising.com\/en\/wp-json\/wp\/v2\/types\/page"}],"author":[{"embeddable":true,"href":"https:\/\/stepadvising.com\/en\/wp-json\/wp\/v2\/users\/1"}],"replies":[{"embeddable":true,"href":"https:\/\/stepadvising.com\/en\/wp-json\/wp\/v2\/comments?post=11"}],"version-history":[{"count":2,"href":"https:\/\/stepadvising.com\/en\/wp-json\/wp\/v2\/pages\/11\/revisions"}],"predecessor-version":[{"id":13,"href":"https:\/\/stepadvising.com\/en\/wp-json\/wp\/v2\/pages\/11\/revisions\/13"}],"up":[{"embeddable":true,"href":"https:\/\/stepadvising.com\/en\/wp-json\/wp\/v2\/pages\/2"}],"wp:attachment":[{"href":"https:\/\/stepadvising.com\/en\/wp-json\/wp\/v2\/media?parent=11"}],"curies":[{"name":"wp","href":"https:\/\/api.w.org\/{rel}","templated":true}]}}