{"id":134,"date":"2022-12-02T07:14:31","date_gmt":"2022-12-02T07:14:31","guid":{"rendered":"http:\/\/stepadvising.com\/?page_id=134"},"modified":"2022-12-02T07:14:31","modified_gmt":"2022-12-02T07:14:31","slug":"matip-oscar","status":"publish","type":"page","link":"https:\/\/stepadvising.com\/en\/profil-du-personnel\/matip-oscar\/","title":{"rendered":"MATIP Oscar"},"content":{"rendered":"<div class=\"wp-block-image\">\n<figure class=\"alignleft size-full\"><img loading=\"lazy\" decoding=\"async\" width=\"147\" height=\"168\" src=\"http:\/\/stepadvising.com\/wp-content\/uploads\/2022\/11\/MATIP-Oscar-Ingenieur-du-corps-des-mines-et-de-la-geologie.png\" alt=\"MATIP Oscar, Ing\u00e9nieur du corps des mines et de la g\u00e9ologie\" class=\"wp-image-35\"\/><figcaption class=\"wp-element-caption\"><strong><em>MATIP Oscar, Engineer of the mines and geology corps<\/em><\/strong><\/figcaption><\/figure>\n<\/div>\n\n\n<p><strong>I- PROFESSIONAL EXPERIENCE<\/strong><\/p>\n\n\n\n<p>November 1978-July 1979: Participation in the SW Cameroon mining inventory: in the covered prospecting sector, discovery of the Awanda-Ngonbass-Bikou\u00e9 uranium prospect. Ultimately, the project developed a mining index catalog and reactivated interest in Akonolinga rutile and Kribi iron.<\/p>\n\n\n\n<p>1981-1985 and 1987: Participation in the Poli nuclear raw materials research project: depositological studies of the Poli uranium prospect and prospecting of the project area - Construction of 2 research galleries and their lifting as part of the evaluation potential.<\/p>\n\n\n\n<p>1988 the evaluation of the limestone potential of the Littoral with a view to a possible supply of raw material for the cement industries.<\/p>\n\n\n\n<p>1996: with a view to the feasibility study of the degassing of Lake Nyos, led the Ministry team participating in the international project. The work resulted in the start-up of the first experimental degassing column<\/p>\n\n\n\n<p>In 2000: start of development of the mining code with a view to increasing the attractiveness of the mining sector. Took a very active part in the restricted interministerial team for its development.<\/p>\n\n\n\n<p>In my various responsibilities, I ensured the administrative and technical supervision of various research projects and permits: gold from the East, diamond from Mobilong, Nickel-Cobalt from Lomi\u00e9, Iron from Mbalam and Kribi, rutile from Akonolinga, tin from Mayo-Darl\u00e9, sapphire from Adamaoua etc.<\/p>\n\n\n\n<p>Participation in several technical and operations committees in the oil sector<\/p>\n\n\n\n<p>Development and monitoring of the C.S.E policy of the company Addax Petroleum<\/p>\n\n\n\n<p>2011-2019: Represents Addax Petroleum on the EITI (Extractive Industries Transparency Initiative) committee.<\/p>\n\n\n\n<p>Experience in public administration in the geological and mining sector<\/p>\n\n\n\n<p><strong>IMPORTANT PROJECTS INITIATED<\/strong><\/p>\n\n\n\n<p>2002: Mount Cameroon risk zoning project<br>Following the multiple eruptions of Mount Cameroon, I initiated and participated with the French BRGM in the Project which studied the geology of the volcano, the areas likely to suffer the next eruptions, the economic and social infrastructures likely to be affected, the environmental impacts that would result and the means of mitigation<\/p>\n\n\n\n<p>2008-2009: The Cameroon mining sector development project, with financial assistance from the World Bank, which later led to PRECASSEM<\/p>\n\n\n\n<p><strong>II- POSITIONS OF RESPONSIBILITY OCCUPIED IN THE MINISTRY IN CHARGE OF MINES<\/strong><\/p>\n\n\n\n<p>1985-1988: Deputy head of the interprovincial department of Mines and Energy of the Northern and Far North provinces<\/p>\n\n\n\n<p>1988-1989: Head of Cartography and Graphics Techniques Department<\/p>\n\n\n\n<p>1989-1998: Deputy Director of Geology. Following the civil service reform, one of the outcomes of which was the abolition of deputy director positions<\/p>\n\n\n\n<p>1998-2006: Deputy Director of Geology, Natural Risks and Disasters<\/p>\n\n\n\n<p>2006-December 31, 2009: Director of Mines and Geology, member of the Board of Directors of the Soci\u00e9t\u00e9 Nationale des Hydrocarbures (SNH) and the National Committee of the Association of African Oil Producers.<\/p>\n\n\n\n<p>Member of the Chad-Cameroon Pipeline monitoring committee<\/p>\n\n\n\n<p><strong>III- POSITIONS OF RESPONSIBILITY OUTSIDE THE MINISTRY IN CHARGE OF MINES<\/strong><\/p>\n\n\n\n<p>* February 16, 2010-October 2011: Deputy General Director of the PECTEN oil company<br>* October 2011-September 2019: following the acquisition of Pecten by the Chinese state company SINOPEC, Pecten changes its name and becomes ADDAX PETROLEUM CAMEROON COMPANY S.A. I retain the position of Deputy General Director and member of the Board of Directors of said company for 4 years.<\/p>","protected":false},"excerpt":{"rendered":"<p>I- EXPERIENCE PROFESSIONNELLE Novembre 1978-juillet 1979 : Participation \u00e0 l\u2019inventaire minier SW Cameroun : dans le secteur de prospection couvert, d\u00e9couverte du prospect d&rsquo;uranium d\u2019Awanda-Ngonbass-Bikou\u00e9. A terme le projet a \u00e9labor\u00e9 un catalogue d&rsquo;indice minier et r\u00e9active l&rsquo;int\u00e9r\u00eat pour le rutile d&rsquo;Akonolinga et le fer de Kribi. 1981-1985 et 1987 : Participation au projet de<\/p>\n<p class=\"more-link\"><a href=\"https:\/\/stepadvising.com\/en\/profil-du-personnel\/matip-oscar\/\" class=\"themebutton\">Read More<\/a><\/p>","protected":false},"author":1,"featured_media":0,"parent":20,"menu_order":1,"comment_status":"closed","ping_status":"closed","template":"","meta":{"footnotes":""},"class_list":["post-134","page","type-page","status-publish","hentry"],"_links":{"self":[{"href":"https:\/\/stepadvising.com\/en\/wp-json\/wp\/v2\/pages\/134","targetHints":{"allow":["GET"]}}],"collection":[{"href":"https:\/\/stepadvising.com\/en\/wp-json\/wp\/v2\/pages"}],"about":[{"href":"https:\/\/stepadvising.com\/en\/wp-json\/wp\/v2\/types\/page"}],"author":[{"embeddable":true,"href":"https:\/\/stepadvising.com\/en\/wp-json\/wp\/v2\/users\/1"}],"replies":[{"embeddable":true,"href":"https:\/\/stepadvising.com\/en\/wp-json\/wp\/v2\/comments?post=134"}],"version-history":[{"count":1,"href":"https:\/\/stepadvising.com\/en\/wp-json\/wp\/v2\/pages\/134\/revisions"}],"predecessor-version":[{"id":135,"href":"https:\/\/stepadvising.com\/en\/wp-json\/wp\/v2\/pages\/134\/revisions\/135"}],"up":[{"embeddable":true,"href":"https:\/\/stepadvising.com\/en\/wp-json\/wp\/v2\/pages\/20"}],"wp:attachment":[{"href":"https:\/\/stepadvising.com\/en\/wp-json\/wp\/v2\/media?parent=134"}],"curies":[{"name":"wp","href":"https:\/\/api.w.org\/{rel}","templated":true}]}}