{"id":136,"date":"2022-12-02T07:22:58","date_gmt":"2022-12-02T07:22:58","guid":{"rendered":"http:\/\/stepadvising.com\/?page_id=136"},"modified":"2022-12-02T07:22:58","modified_gmt":"2022-12-02T07:22:58","slug":"essomba-jean-marcel","status":"publish","type":"page","link":"https:\/\/stepadvising.com\/en\/profil-du-personnel\/essomba-jean-marcel\/","title":{"rendered":"ESSOMBA Jean Marcel"},"content":{"rendered":"<div class=\"wp-block-image\">\n<figure class=\"alignleft size-full\"><img loading=\"lazy\" decoding=\"async\" width=\"249\" height=\"241\" src=\"http:\/\/stepadvising.com\/wp-content\/uploads\/2022\/11\/ESSOMBA-Jean-Marcel-Ingenieur-Principal-des-Travaux-des-mines-et-de-la-geologie.png\" alt=\"ESSOMBA Jean Marcel, Ing\u00e9nieur Principal des Travaux des mines et de la g\u00e9ologie\" class=\"wp-image-29\"\/><figcaption class=\"wp-element-caption\"><strong><em>ESSOMBA Jean Marcel, Principal Engineer of Mining and Geology Works<\/em><\/strong><\/figcaption><\/figure>\n<\/div>\n\n\n<p><strong>Professional Experience<\/strong><\/p>\n\n\n\n<p>1986 \u2013 1992: Ministry of Mines Yaound\u00e9, Cameroon \u2013 Geologist<\/p>\n\n\n\n<p>1992 \u2013 1994: Provincial Delegation of Mines of South Ebolowa, Cameroon \u2013 Deputy Provincial Head of Mines and Geology<\/p>\n\n\n\n<p>1994 \u2013 1998: Provincial Delegation of Mines of Center Yaound\u00e9, Cameroon \u2013 Deputy Provincial Head of Mines and Geology<\/p>\n\n\n\n<p>1998 \u2013 2005: Provincial Delegation of Mines of Center Yaound\u00e9, Cameroon \u2013 HEAD OF GENERAL AFFAIRS DEPARTMENT.<\/p>\n\n\n\n<p>2005 \u2013 04\/2010: Provincial Delegation of Eastern Mines Bertoua, Cameroon \u2013 HEAD OF PROVINCIAL DEPARTMENT OF EASTERN MINES AND GEOLOGY.<\/p>\n\n\n\n<p>In this capacity, Mr. ESSOMBA was in charge of the following tasks:<\/p>\n\n\n\n<ul class=\"wp-block-list\">\n<li>Monitoring and control of mining activities<\/li>\n\n\n\n<li>Completion of the mining inventory.<\/li>\n<\/ul>\n\n\n\n<p>04\/2010 \u2013 01\/11\/2013: Ministry of Industry, Mines and Technological Development \u2013 \u200b\u200bDirectorate of Mines and Geology, DEPUTY DIRECTOR OF MINING ACTIVITIES.<\/p>\n\n\n\n<p>In this capacity and within the framework of his responsibilities, Mr. ESSOMBA carried out the following tasks:<\/p>\n\n\n\n<p>Participation in the negotiations of conventions relating to the mining sector, in particular those of C and K MINING INC and CAMIRON<\/p>\n\n\n\n<p>Preparation of acts relating to the mining sector, in particular Law No. 2016\/017 of December 14, 2016 relating to the mining code<\/p>\n\n\n\n<p>Participation in negotiations for Cameroon's accession to I'lTlE<\/p>\n\n\n\n<p>Administrative monitoring and technical control of the activities of mining companies, particularly in the context of compliance with the provisions of the Mining Regulations in terms of CSR<\/p>\n\n\n\n<p>11\/29\/2011 \u2013 02\/27\/2013: Ministry of Industry, Mines and Technological Development \u2013 \u200b\u200bDEPUTY PERMANENT NATIONAL SECRETARY of the Kimberley Process in Cameroon.<\/p>\n\n\n\n<p>02\/27\/2013 \u2013 06\/11\/2014: Ministry of Industry, Mines and Technological Development, TECHNICAL ADVISOR No. 1<\/p>\n\n\n\n<p>01\/11\/2013 \u2013 10\/09\/2017: Ministry of Mines, Industry and Technological Development COORDINATOR of the Support and Promotion Framework for Artisanal Mining (CAPAM).<\/p>","protected":false},"excerpt":{"rendered":"<p>Exp\u00e9rience Professionnelle 1986 \u2013 1992 : Minist\u00e8re des Mines Yaound\u00e9, Cameroun &#8211; G\u00e9ologue 1992 \u2013 1994 : D\u00e9l\u00e9gation provinciale des Mines du Sud Ebolowa, Cameroun &#8211; Chef de service provincial adjoint des mines et de la g\u00e9ologie 1994 \u2013 1998 : D\u00e9l\u00e9gation provinciale des Mines du Centre Yaound\u00e9, Cameroun &#8211; Chef de service provincial adjoint<\/p>\n<p class=\"more-link\"><a href=\"https:\/\/stepadvising.com\/en\/profil-du-personnel\/essomba-jean-marcel\/\" class=\"themebutton\">Read More<\/a><\/p>","protected":false},"author":1,"featured_media":0,"parent":20,"menu_order":2,"comment_status":"closed","ping_status":"closed","template":"","meta":{"footnotes":""},"class_list":["post-136","page","type-page","status-publish","hentry"],"_links":{"self":[{"href":"https:\/\/stepadvising.com\/en\/wp-json\/wp\/v2\/pages\/136","targetHints":{"allow":["GET"]}}],"collection":[{"href":"https:\/\/stepadvising.com\/en\/wp-json\/wp\/v2\/pages"}],"about":[{"href":"https:\/\/stepadvising.com\/en\/wp-json\/wp\/v2\/types\/page"}],"author":[{"embeddable":true,"href":"https:\/\/stepadvising.com\/en\/wp-json\/wp\/v2\/users\/1"}],"replies":[{"embeddable":true,"href":"https:\/\/stepadvising.com\/en\/wp-json\/wp\/v2\/comments?post=136"}],"version-history":[{"count":1,"href":"https:\/\/stepadvising.com\/en\/wp-json\/wp\/v2\/pages\/136\/revisions"}],"predecessor-version":[{"id":137,"href":"https:\/\/stepadvising.com\/en\/wp-json\/wp\/v2\/pages\/136\/revisions\/137"}],"up":[{"embeddable":true,"href":"https:\/\/stepadvising.com\/en\/wp-json\/wp\/v2\/pages\/20"}],"wp:attachment":[{"href":"https:\/\/stepadvising.com\/en\/wp-json\/wp\/v2\/media?parent=136"}],"curies":[{"name":"wp","href":"https:\/\/api.w.org\/{rel}","templated":true}]}}