{"id":138,"date":"2022-12-02T07:30:00","date_gmt":"2022-12-02T07:30:00","guid":{"rendered":"http:\/\/stepadvising.com\/?page_id=138"},"modified":"2022-12-02T07:31:07","modified_gmt":"2022-12-02T07:31:07","slug":"138-2","status":"publish","type":"page","link":"https:\/\/stepadvising.com\/en\/profil-du-personnel\/138-2\/","title":{"rendered":"LOULE Jean Pierre"},"content":{"rendered":"<div class=\"wp-block-image\">\n<figure class=\"alignleft size-full\"><img loading=\"lazy\" decoding=\"async\" width=\"201\" height=\"245\" src=\"http:\/\/stepadvising.com\/wp-content\/uploads\/2022\/11\/LOULE-Jean-Pierre-GEOLOGUE.png\" alt=\"LOULE Jean Pierre, Geologue\" class=\"wp-image-33\"\/><figcaption class=\"wp-element-caption\"><strong><em>LOULE Jean Pierre, Geologist<\/em><\/strong><\/figcaption><\/figure>\n<\/div>\n\n\n<p>31 years at the service of the National Hydrocarbons Company of Cameroon (SNH)<\/p>\n\n\n\n<p>June 2007-December 2020: Director of the Petroleum Information Center (CIP)<br>June 2003-2007: Deputy Director of the CIP<br>1999-2003: Head of the Petroleum Information Center<br>1999-2001: Head of Basin Summary Department<br>1996-1999: Head of Mining Studies and Promotion Department (DM)<br>1994-1996: Deputy Head of Department for studies and promotion of the DM<br>1993-1994: Head of mining promotion section<br>April 1990: Recruitment at SNH as a Geological Executive<\/p>\n\n\n\n<p>1995-2008: Part-time teacher of geology, mining and petroleum option, Department of Earth Sciences, Faculty of Sciences, University of Yaound\u00e9 1. Co-supervisor of more than twenty Master's and DESS theses in mining and oil.<\/p>\n\n\n\n<p>1987 \u2013 1988: PARIZEK Environmental Analysis Laboratory, State College, Pennsylvania, USA; with tasks: installation of piezometers and lysometers, studies of temperatures, gas composition and water level of organic and petroleum waste dumps.<\/p>","protected":false},"excerpt":{"rendered":"<p>31 ans au service de la Soci\u00e9t\u00e9 Nationale des Hydrocarbures du Cameroun (SNH) \uf02a Juin 2007-D\u00e9cembre 2020 : Directeur du Centre d&rsquo;Informations P\u00e9troli\u00e8res (CIP)\uf02a Juin 2003-2007 : Directeur Adjoint du CIP\uf02a 1999-2003 : Chef du Centre d&rsquo;Informations P\u00e9troli\u00e8res\uf02a 1999-2001 : Chef de Service synth\u00e8se des bassins\uf02a 1996-1999 : Chef de Service \u00e9tudes et promotion du<\/p>\n<p class=\"more-link\"><a href=\"https:\/\/stepadvising.com\/en\/profil-du-personnel\/138-2\/\" class=\"themebutton\">Read More<\/a><\/p>","protected":false},"author":1,"featured_media":0,"parent":20,"menu_order":3,"comment_status":"closed","ping_status":"closed","template":"","meta":{"footnotes":""},"class_list":["post-138","page","type-page","status-publish","hentry"],"_links":{"self":[{"href":"https:\/\/stepadvising.com\/en\/wp-json\/wp\/v2\/pages\/138","targetHints":{"allow":["GET"]}}],"collection":[{"href":"https:\/\/stepadvising.com\/en\/wp-json\/wp\/v2\/pages"}],"about":[{"href":"https:\/\/stepadvising.com\/en\/wp-json\/wp\/v2\/types\/page"}],"author":[{"embeddable":true,"href":"https:\/\/stepadvising.com\/en\/wp-json\/wp\/v2\/users\/1"}],"replies":[{"embeddable":true,"href":"https:\/\/stepadvising.com\/en\/wp-json\/wp\/v2\/comments?post=138"}],"version-history":[{"count":2,"href":"https:\/\/stepadvising.com\/en\/wp-json\/wp\/v2\/pages\/138\/revisions"}],"predecessor-version":[{"id":140,"href":"https:\/\/stepadvising.com\/en\/wp-json\/wp\/v2\/pages\/138\/revisions\/140"}],"up":[{"embeddable":true,"href":"https:\/\/stepadvising.com\/en\/wp-json\/wp\/v2\/pages\/20"}],"wp:attachment":[{"href":"https:\/\/stepadvising.com\/en\/wp-json\/wp\/v2\/media?parent=138"}],"curies":[{"name":"wp","href":"https:\/\/api.w.org\/{rel}","templated":true}]}}