{"id":14,"date":"2022-11-29T15:47:33","date_gmt":"2022-11-29T15:47:33","guid":{"rendered":"http:\/\/stepadvising.com\/?page_id=14"},"modified":"2024-01-14T22:30:37","modified_gmt":"2024-01-14T22:30:37","slug":"formations-et-coaching","status":"publish","type":"page","link":"https:\/\/stepadvising.com\/en\/sample-page\/formations-et-coaching\/","title":{"rendered":"Training and Coaching"},"content":{"rendered":"<p>STEP provides training in:<\/p>\n\n\n\n<p>\u2013 Oil, gas and mining geology<\/p>\n\n\n\n<p>\u2013 Lead generation and ranking<\/p>\n\n\n\n<p>- Oil, gas and mining legislation<\/p>\n\n\n\n<p>\u2013 Organization, curation and management of oil, gas and mining data<\/p>\n\n\n\n<p>\u2013 Negotiations and intermediation in Exploration and Production<\/p>\n\n\n\n<p>\u2013 Development of environmental aspects and local content in extractive industries <\/p>\n\n\n\n<p>\u2013 Mapping of oil, gas and mining sites.<\/p>","protected":false},"excerpt":{"rendered":"<p>STEP fournit des formations en : &#8211; G\u00e9ologie p\u00e9troli\u00e8re, gazi\u00e8re et mini\u00e8re ; &#8211; G\u00e9n\u00e9ration et classement de prospects ; &#8211; L\u00e9gislation p\u00e9troli\u00e8re, gazi\u00e8re et mini\u00e8re ; &#8211; Organisation, conservation et gestion des donn\u00e9es p\u00e9troli\u00e8res, gazi\u00e8res et mini\u00e8res ; &#8211; N\u00e9gociations et interm\u00e9diations en Exploration et Production ; &#8211; D\u00e9veloppement des aspects environnementaux et du<\/p>\n<p class=\"more-link\"><a href=\"https:\/\/stepadvising.com\/en\/sample-page\/formations-et-coaching\/\" class=\"themebutton\">Read More<\/a><\/p>","protected":false},"author":1,"featured_media":0,"parent":2,"menu_order":2,"comment_status":"closed","ping_status":"closed","template":"","meta":{"footnotes":""},"class_list":["post-14","page","type-page","status-publish","hentry"],"_links":{"self":[{"href":"https:\/\/stepadvising.com\/en\/wp-json\/wp\/v2\/pages\/14","targetHints":{"allow":["GET"]}}],"collection":[{"href":"https:\/\/stepadvising.com\/en\/wp-json\/wp\/v2\/pages"}],"about":[{"href":"https:\/\/stepadvising.com\/en\/wp-json\/wp\/v2\/types\/page"}],"author":[{"embeddable":true,"href":"https:\/\/stepadvising.com\/en\/wp-json\/wp\/v2\/users\/1"}],"replies":[{"embeddable":true,"href":"https:\/\/stepadvising.com\/en\/wp-json\/wp\/v2\/comments?post=14"}],"version-history":[{"count":3,"href":"https:\/\/stepadvising.com\/en\/wp-json\/wp\/v2\/pages\/14\/revisions"}],"predecessor-version":[{"id":210,"href":"https:\/\/stepadvising.com\/en\/wp-json\/wp\/v2\/pages\/14\/revisions\/210"}],"up":[{"embeddable":true,"href":"https:\/\/stepadvising.com\/en\/wp-json\/wp\/v2\/pages\/2"}],"wp:attachment":[{"href":"https:\/\/stepadvising.com\/en\/wp-json\/wp\/v2\/media?parent=14"}],"curies":[{"name":"wp","href":"https:\/\/api.w.org\/{rel}","templated":true}]}}