{"id":146,"date":"2022-12-05T08:15:06","date_gmt":"2022-12-05T08:15:06","guid":{"rendered":"http:\/\/stepadvising.com\/?page_id=146"},"modified":"2022-12-05T08:15:06","modified_gmt":"2022-12-05T08:15:06","slug":"bisona-nji-bibianai-mme","status":"publish","type":"page","link":"https:\/\/stepadvising.com\/en\/profil-du-personnel\/bisona-nji-bibianai-mme\/","title":{"rendered":"BISONA NJI BibianaI (Mme)"},"content":{"rendered":"<div class=\"wp-block-image\">\n<figure class=\"alignleft size-full\"><img loading=\"lazy\" decoding=\"async\" width=\"212\" height=\"185\" src=\"http:\/\/stepadvising.com\/wp-content\/uploads\/2022\/11\/Mme-Bisona-NJI-BIBIANA-BA-MBA-Hnd-Consultant.-Msc.-Consultant.png\" alt=\"Mme Bisona NJI BIBIANA, BA, MBA, Hnd, Consultant., Msc., Consultant\" class=\"wp-image-36\"\/><figcaption class=\"wp-element-caption\"><strong><em>Mme Bisona NJI BIBIANA, BA, MBA, Hnd, Consultant., Msc., Consultant<\/em><\/strong><\/figcaption><\/figure>\n<\/div>\n\n\n<p>Ms. BISONA holds an MBA in Marketing from ESSEC, University of Douala, with a BA from Bayero Kano University, Nigeria and HND from the Fiscal and Customs Academy, Douala.<\/p>\n\n\n\n<p>She has 8 years of experience in the oil and gas sector.<\/p>\n\n\n\n<p>Her most recent positions were that of logistics and transit coordinator for Gaz du Cameroun (subsidiary of Victoria Oil and Gas, United Kingdom), drilling secretary and purchasing manager for Euroil (subsidiary of Bowleven Oil and Gas).<\/p>","protected":false},"excerpt":{"rendered":"<p>Mme BISONA est titulaire d&rsquo;un MBA en marketing de l&rsquo;ESSEC, Universit\u00e9 de Douala, avec un BA de l&rsquo;Universit\u00e9 Bayero Kano, Nigeria et HND de l&rsquo;Acad\u00e9mie Fiscale et Douanaire, Douala. Elle a 8 ans d&rsquo;exp\u00e9rience dans le secteur p\u00e9trolier et gazier. Ses postes les plus r\u00e9cents ont \u00e9t\u00e9 celui de coordinatrice logistique et transit pour Gaz<\/p>\n<p class=\"more-link\"><a href=\"https:\/\/stepadvising.com\/en\/profil-du-personnel\/bisona-nji-bibianai-mme\/\" class=\"themebutton\">Read More<\/a><\/p>","protected":false},"author":1,"featured_media":0,"parent":20,"menu_order":6,"comment_status":"closed","ping_status":"closed","template":"","meta":{"footnotes":""},"class_list":["post-146","page","type-page","status-publish","hentry"],"_links":{"self":[{"href":"https:\/\/stepadvising.com\/en\/wp-json\/wp\/v2\/pages\/146","targetHints":{"allow":["GET"]}}],"collection":[{"href":"https:\/\/stepadvising.com\/en\/wp-json\/wp\/v2\/pages"}],"about":[{"href":"https:\/\/stepadvising.com\/en\/wp-json\/wp\/v2\/types\/page"}],"author":[{"embeddable":true,"href":"https:\/\/stepadvising.com\/en\/wp-json\/wp\/v2\/users\/1"}],"replies":[{"embeddable":true,"href":"https:\/\/stepadvising.com\/en\/wp-json\/wp\/v2\/comments?post=146"}],"version-history":[{"count":1,"href":"https:\/\/stepadvising.com\/en\/wp-json\/wp\/v2\/pages\/146\/revisions"}],"predecessor-version":[{"id":147,"href":"https:\/\/stepadvising.com\/en\/wp-json\/wp\/v2\/pages\/146\/revisions\/147"}],"up":[{"embeddable":true,"href":"https:\/\/stepadvising.com\/en\/wp-json\/wp\/v2\/pages\/20"}],"wp:attachment":[{"href":"https:\/\/stepadvising.com\/en\/wp-json\/wp\/v2\/media?parent=146"}],"curies":[{"name":"wp","href":"https:\/\/api.w.org\/{rel}","templated":true}]}}