{"id":148,"date":"2022-12-05T08:18:07","date_gmt":"2022-12-05T08:18:07","guid":{"rendered":"http:\/\/stepadvising.com\/?page_id=148"},"modified":"2022-12-05T08:18:07","modified_gmt":"2022-12-05T08:18:07","slug":"javis-azih-nche","status":"publish","type":"page","link":"https:\/\/stepadvising.com\/en\/profil-du-personnel\/javis-azih-nche\/","title":{"rendered":"Javis AZIH NCHE"},"content":{"rendered":"<div class=\"wp-block-image\">\n<figure class=\"alignleft size-full\"><img loading=\"lazy\" decoding=\"async\" width=\"292\" height=\"277\" src=\"http:\/\/stepadvising.com\/wp-content\/uploads\/2022\/11\/JAVIS-AZIH-NCHE-Bsc.-Msc.Consultant.png\" alt=\"JAVIS AZIH NCHE, Bsc., Msc.,Consultant\" class=\"wp-image-32\"\/><figcaption class=\"wp-element-caption\"><em><strong>JAVIS AZIH NCHE, Bsc., Msc.,Consultant<\/strong><\/em><\/figcaption><\/figure>\n<\/div>\n\n\n<p>Mr. Nche has 8 years of experience in the upstream oil and gas sector, covering a wide range of technical, commercial, operational and management roles, primarily in the Sub-Saharan Africa region.<\/p>\n\n\n\n<p>Mr. Nche holds a Master's degree in Petroleum Geosciences from the University of Manchester, United Kingdom, and a Bachelor of Science degree from the University of Buea, Cameroon. Mr. Nche was previously employed as a consultant for CIME Consulting, worked as Business Development Manager for Sinopec International Petroleum Corporation and most recently served as Africa Representative for GeoDynamics Worldwide.<\/p>","protected":false},"excerpt":{"rendered":"<p>M. Nche a 8 ans d&rsquo;exp\u00e9rience dans le secteur p\u00e9trolier et gazier en amont, couvrant un large \u00e9ventail de r\u00f4les techniques, commerciaux, op\u00e9rationnels et de gestion, principalement dans la r\u00e9gion de l&rsquo;Afrique subsaharienne. M. Nche est titulaire d&rsquo;une ma\u00eetrise en g\u00e9osciences p\u00e9troli\u00e8res de l&rsquo;Universit\u00e9 de Manchester, au Royaume-Uni, ainsi que d&rsquo;une licence en sciences de<\/p>\n<p class=\"more-link\"><a href=\"https:\/\/stepadvising.com\/en\/profil-du-personnel\/javis-azih-nche\/\" class=\"themebutton\">Read More<\/a><\/p>","protected":false},"author":1,"featured_media":0,"parent":20,"menu_order":7,"comment_status":"closed","ping_status":"closed","template":"","meta":{"footnotes":""},"class_list":["post-148","page","type-page","status-publish","hentry"],"_links":{"self":[{"href":"https:\/\/stepadvising.com\/en\/wp-json\/wp\/v2\/pages\/148","targetHints":{"allow":["GET"]}}],"collection":[{"href":"https:\/\/stepadvising.com\/en\/wp-json\/wp\/v2\/pages"}],"about":[{"href":"https:\/\/stepadvising.com\/en\/wp-json\/wp\/v2\/types\/page"}],"author":[{"embeddable":true,"href":"https:\/\/stepadvising.com\/en\/wp-json\/wp\/v2\/users\/1"}],"replies":[{"embeddable":true,"href":"https:\/\/stepadvising.com\/en\/wp-json\/wp\/v2\/comments?post=148"}],"version-history":[{"count":1,"href":"https:\/\/stepadvising.com\/en\/wp-json\/wp\/v2\/pages\/148\/revisions"}],"predecessor-version":[{"id":149,"href":"https:\/\/stepadvising.com\/en\/wp-json\/wp\/v2\/pages\/148\/revisions\/149"}],"up":[{"embeddable":true,"href":"https:\/\/stepadvising.com\/en\/wp-json\/wp\/v2\/pages\/20"}],"wp:attachment":[{"href":"https:\/\/stepadvising.com\/en\/wp-json\/wp\/v2\/media?parent=148"}],"curies":[{"name":"wp","href":"https:\/\/api.w.org\/{rel}","templated":true}]}}