{"id":17,"date":"2022-11-29T15:51:13","date_gmt":"2022-11-29T15:51:13","guid":{"rendered":"http:\/\/stepadvising.com\/?page_id=17"},"modified":"2022-11-29T15:51:13","modified_gmt":"2022-11-29T15:51:13","slug":"services-dintermediation","status":"publish","type":"page","link":"https:\/\/stepadvising.com\/en\/sample-page\/services-dintermediation\/","title":{"rendered":"Intermediation Services"},"content":{"rendered":"<p>Finally, we offer services of:<\/p>\n\n\n\n<p>\u2013 Intermediation, facilitation, interaction, interface, liaison, lobbying between businesses, government and communities<\/p>\n\n\n\n<p>\u2013 Facilitation of relations between government and oil, gas and mining companies<\/p>\n\n\n\n<p>\u2013 Drafting of all correspondence requested or required by public authorities (government, institution, etc.)<\/p>\n\n\n\n<p>\u2013 Facilitator for local preference, sharing of technological knowledge in Exploration and Production<\/p>\n\n\n\n<p>\u2013 Supply of specialized tools in Exploration and Production techniques.<\/p>\n\n\n\n<p>STEP offers;<\/p>\n\n\n\n<p>\u2022 competitive prices<\/p>\n\n\n\n<p>\u2022 fast and reliable services<\/p>\n\n\n\n<p>\u2022 competence and confidentiality<\/p>\n\n\n\n<p>\u2022 Support for the implementation of projects<\/p>\n\n\n\n<p>\u2022 Reliable and credible information on the extractive industries. At STEP, our company helps you succeed. Whether you need assistance with business planning, back-office support, or need to change your game for higher-level executive action, we have programs and services that will make it easier to thrive your business.<\/p>","protected":false},"excerpt":{"rendered":"<p>Nous proposons enfin des services de : &#8211; Interm\u00e9diation, facilitation, interaction, interface, liaison, lobbying entre les entreprises, le gouvernement et les collectivit\u00e9s ; &#8211; Facilitation des relations entre le gouvernement et les entreprises p\u00e9troli\u00e8res, gazi\u00e8res et mini\u00e8res ; &#8211; R\u00e9daction de toutes les correspondances sollicit\u00e9es ou requises par les pouvoirs publics (gouvernement, institution etc.) ;<\/p>\n<p class=\"more-link\"><a href=\"https:\/\/stepadvising.com\/en\/sample-page\/services-dintermediation\/\" class=\"themebutton\">Read More<\/a><\/p>","protected":false},"author":1,"featured_media":18,"parent":2,"menu_order":3,"comment_status":"closed","ping_status":"closed","template":"","meta":{"footnotes":""},"class_list":["post-17","page","type-page","status-publish","has-post-thumbnail","hentry"],"_links":{"self":[{"href":"https:\/\/stepadvising.com\/en\/wp-json\/wp\/v2\/pages\/17","targetHints":{"allow":["GET"]}}],"collection":[{"href":"https:\/\/stepadvising.com\/en\/wp-json\/wp\/v2\/pages"}],"about":[{"href":"https:\/\/stepadvising.com\/en\/wp-json\/wp\/v2\/types\/page"}],"author":[{"embeddable":true,"href":"https:\/\/stepadvising.com\/en\/wp-json\/wp\/v2\/users\/1"}],"replies":[{"embeddable":true,"href":"https:\/\/stepadvising.com\/en\/wp-json\/wp\/v2\/comments?post=17"}],"version-history":[{"count":1,"href":"https:\/\/stepadvising.com\/en\/wp-json\/wp\/v2\/pages\/17\/revisions"}],"predecessor-version":[{"id":19,"href":"https:\/\/stepadvising.com\/en\/wp-json\/wp\/v2\/pages\/17\/revisions\/19"}],"up":[{"embeddable":true,"href":"https:\/\/stepadvising.com\/en\/wp-json\/wp\/v2\/pages\/2"}],"wp:featuredmedia":[{"embeddable":true,"href":"https:\/\/stepadvising.com\/en\/wp-json\/wp\/v2\/media\/18"}],"wp:attachment":[{"href":"https:\/\/stepadvising.com\/en\/wp-json\/wp\/v2\/media?parent=17"}],"curies":[{"name":"wp","href":"https:\/\/api.w.org\/{rel}","templated":true}]}}