{"id":2,"date":"2022-11-29T15:26:55","date_gmt":"2022-11-29T15:26:55","guid":{"rendered":"http:\/\/stepadvising.com\/?page_id=2"},"modified":"2022-12-05T08:10:37","modified_gmt":"2022-12-05T08:10:37","slug":"sample-page","status":"publish","type":"page","link":"https:\/\/stepadvising.com\/en\/sample-page\/","title":{"rendered":"Company Profile"},"content":{"rendered":"<p>Fond\u00e9 en 2016 par M. Simon FAI TAMFU, ST E&amp;P ADVISING LTD. (STEP) est une firme sp\u00e9cialis\u00e9e en conseils et techniques d\u2019exploration\/production du p\u00e9trole et du gaz, en strat\u00e9gie, organisation et gestion des entreprises du secteur des industries extractives.<\/p>\n\n\n\n<p>Cette firme est anim\u00e9e par des experts jouissant de plus de 30 ans d&rsquo;exp\u00e9rience chacun dans les secteurs p\u00e9troliers, gaziers et miniers, soit un cumul de plus de 240 ann\u00e9es dans les industries extractives.<\/p>\n\n\n\n<p>A cet effet, STEP est particuli\u00e8rement qualifi\u00e9 pour r\u00e9pondre \u00e0 vos besoins dans les industries extractives.<\/p>\n\n\n\n<p>Conseils en exploration\/production de p\u00e9trole, de gaz et des mines<\/p>\n\n\n\n<p>STEP fournit des services qui facilitent les activit\u00e9s d&rsquo;exploration\/production de p\u00e9trole, de gaz et des mines au Cameroun. Gr\u00e2ce \u00e0 notre \u00ab know-how \u00bb dans les industries extractives, STEP jouit des atouts manag\u00e9riaux et techniques pour aider ses partenaires dans l\u2019interm\u00e9diation, le montage des projets, l\u2019accompagnement, la formation, le coaching ainsi que la contractualisation des n\u00e9gociations avec l\u2019Etat, le suivi et l\u2019audit des contrats p\u00e9troliers, gaziers et miniers.<\/p>\n\n\n\n<p>Nous ne pourrions pas faire la moiti\u00e9 de ce que nous faisons \u00e0 STEP sans la comp\u00e9tence et le professionnalisme de notre formidable personnel et de nombreux autres experts. En plus de notre propre personnel de bureau, nous avons \u00e9galement des mentors, des instructeurs, des fournisseurs de services et de nombreux autres experts.<\/p>\n\n\n\n<p>Vous pouvez \u00eatre assur\u00e9 que contrairement \u00e0 votre service de dotation moyen, toute personne que nous sommes pr\u00eats \u00e0 recommander pour votre service est une personne que nous avons d\u00e9j\u00e0 embauch\u00e9e et test\u00e9e nous-m\u00eames.<\/p>","protected":false},"excerpt":{"rendered":"<p>Fond\u00e9 en 2016 par M. Simon FAI TAMFU, ST E&amp;P ADVISING LTD. (STEP) est une firme sp\u00e9cialis\u00e9e en conseils et techniques d\u2019exploration\/production du p\u00e9trole et du gaz, en strat\u00e9gie, organisation et gestion des entreprises du secteur des industries extractives. Cette firme est anim\u00e9e par des experts jouissant de plus de 30 ans d&rsquo;exp\u00e9rience chacun dans<\/p>\n<p class=\"more-link\"><a href=\"https:\/\/stepadvising.com\/en\/sample-page\/\" class=\"themebutton\">Read More<\/a><\/p>","protected":false},"author":1,"featured_media":0,"parent":0,"menu_order":0,"comment_status":"closed","ping_status":"open","template":"","meta":{"footnotes":""},"class_list":["post-2","page","type-page","status-publish","hentry"],"_links":{"self":[{"href":"https:\/\/stepadvising.com\/en\/wp-json\/wp\/v2\/pages\/2","targetHints":{"allow":["GET"]}}],"collection":[{"href":"https:\/\/stepadvising.com\/en\/wp-json\/wp\/v2\/pages"}],"about":[{"href":"https:\/\/stepadvising.com\/en\/wp-json\/wp\/v2\/types\/page"}],"author":[{"embeddable":true,"href":"https:\/\/stepadvising.com\/en\/wp-json\/wp\/v2\/users\/1"}],"replies":[{"embeddable":true,"href":"https:\/\/stepadvising.com\/en\/wp-json\/wp\/v2\/comments?post=2"}],"version-history":[{"count":2,"href":"https:\/\/stepadvising.com\/en\/wp-json\/wp\/v2\/pages\/2\/revisions"}],"predecessor-version":[{"id":145,"href":"https:\/\/stepadvising.com\/en\/wp-json\/wp\/v2\/pages\/2\/revisions\/145"}],"wp:attachment":[{"href":"https:\/\/stepadvising.com\/en\/wp-json\/wp\/v2\/media?parent=2"}],"curies":[{"name":"wp","href":"https:\/\/api.w.org\/{rel}","templated":true}]}}