{"id":24,"date":"2022-11-29T16:19:54","date_gmt":"2022-11-29T16:19:54","guid":{"rendered":"http:\/\/stepadvising.com\/?page_id=24"},"modified":"2022-11-29T16:24:27","modified_gmt":"2022-11-29T16:24:27","slug":"mission","status":"publish","type":"page","link":"https:\/\/stepadvising.com\/en\/mission\/","title":{"rendered":"Mission"},"content":{"rendered":"<div class=\"wp-block-columns is-layout-flex wp-container-core-columns-is-layout-9d6595d7 wp-block-columns-is-layout-flex\">\n<div class=\"wp-block-column is-layout-flow wp-block-column-is-layout-flow\"><div class=\"wp-block-image\">\n<figure class=\"aligncenter size-full is-resized\"><img loading=\"lazy\" decoding=\"async\" src=\"http:\/\/stepadvising.com\/wp-content\/uploads\/2022\/11\/Street.png\" alt=\"\" class=\"wp-image-25\" width=\"201\" height=\"162\" srcset=\"https:\/\/stepadvising.com\/wp-content\/uploads\/2022\/11\/Street.png 333w, https:\/\/stepadvising.com\/wp-content\/uploads\/2022\/11\/Street-300x243.png 300w\" sizes=\"auto, (max-width: 201px) 100vw, 201px\" \/><\/figure>\n<\/div><\/div>\n\n\n\n<div class=\"wp-block-column is-layout-flow wp-block-column-is-layout-flow\"><div class=\"wp-block-image\">\n<figure class=\"aligncenter size-full is-resized\"><img loading=\"lazy\" decoding=\"async\" src=\"http:\/\/stepadvising.com\/wp-content\/uploads\/2022\/11\/Business.png\" alt=\"\" class=\"wp-image-26\" width=\"180\" height=\"165\" srcset=\"https:\/\/stepadvising.com\/wp-content\/uploads\/2022\/11\/Business.png 312w, https:\/\/stepadvising.com\/wp-content\/uploads\/2022\/11\/Business-300x275.png 300w\" sizes=\"auto, (max-width: 180px) 100vw, 180px\" \/><\/figure>\n<\/div><\/div>\n\n\n\n<div class=\"wp-block-column is-layout-flow wp-block-column-is-layout-flow\"><div class=\"wp-block-image\">\n<figure class=\"aligncenter size-full is-resized\"><img loading=\"lazy\" decoding=\"async\" src=\"http:\/\/stepadvising.com\/wp-content\/uploads\/2022\/11\/Time.png\" alt=\"\" class=\"wp-image-27\" width=\"157\" height=\"165\"\/><\/figure>\n<\/div><\/div>\n<\/div>\n\n\n\n<div class=\"wp-block-columns is-layout-flex wp-container-core-columns-is-layout-9d6595d7 wp-block-columns-is-layout-flex\">\n<div class=\"wp-block-column is-layout-flow wp-block-column-is-layout-flow\">\n<p><strong>A Different Approach<\/strong><\/p>\n\n\n\n<p>At STEP, we provide services designed to meet all your needs in the oil, gas and mining industry in Cameroon and Africa.<\/p>\n<\/div>\n\n\n\n<div class=\"wp-block-column is-layout-flow wp-block-column-is-layout-flow\">\n<p><strong>Unique Solutions<\/strong><\/p>\n\n\n\n<p>Despite our multiple services (coaching\/training, legislation\/compliance, management and intermediation), we treat all our clients in a privileged manner and work with them to create a unique experience and solutions adapted to their needs.<\/p>\n<\/div>\n\n\n\n<div class=\"wp-block-column is-layout-flow wp-block-column-is-layout-flow\">\n<p><strong>Our experience is at your service<\/strong><\/p>\n\n\n\n<p>With a team with more than 30 years of experience each in the oil, gas and mining sectors, a cumulative total of more than 240 years in the extractive industries, you benefit from our knowledge and skills to achieve your objectives and increase your efficiency.<\/p>\n<\/div>\n<\/div>","protected":false},"excerpt":{"rendered":"<p>Une approche diff\u00e9rente Chez STEP, nous fournissons des services con\u00e7us pour r\u00e9pondre \u00e0 tous vos besoins dans l&rsquo;industrie p\u00e9troli\u00e8re, gazi\u00e8re et mini\u00e8re au Cameroun et en Afrique. Des Solutions uniques Malgr\u00e9 nos multiples services (coaching\/formation, l\u00e9gislation\/conformit\u00e9, gestion et interm\u00e9diation), nous traitons tous nos clients de mani\u00e8re privil\u00e9gi\u00e9e et travaillons avec eux pour cr\u00e9er une exp\u00e9rience<\/p>\n<p class=\"more-link\"><a href=\"https:\/\/stepadvising.com\/en\/mission\/\" class=\"themebutton\">Read More<\/a><\/p>","protected":false},"author":1,"featured_media":0,"parent":0,"menu_order":1,"comment_status":"closed","ping_status":"closed","template":"","meta":{"footnotes":""},"class_list":["post-24","page","type-page","status-publish","hentry"],"_links":{"self":[{"href":"https:\/\/stepadvising.com\/en\/wp-json\/wp\/v2\/pages\/24","targetHints":{"allow":["GET"]}}],"collection":[{"href":"https:\/\/stepadvising.com\/en\/wp-json\/wp\/v2\/pages"}],"about":[{"href":"https:\/\/stepadvising.com\/en\/wp-json\/wp\/v2\/types\/page"}],"author":[{"embeddable":true,"href":"https:\/\/stepadvising.com\/en\/wp-json\/wp\/v2\/users\/1"}],"replies":[{"embeddable":true,"href":"https:\/\/stepadvising.com\/en\/wp-json\/wp\/v2\/comments?post=24"}],"version-history":[{"count":4,"href":"https:\/\/stepadvising.com\/en\/wp-json\/wp\/v2\/pages\/24\/revisions"}],"predecessor-version":[{"id":51,"href":"https:\/\/stepadvising.com\/en\/wp-json\/wp\/v2\/pages\/24\/revisions\/51"}],"wp:attachment":[{"href":"https:\/\/stepadvising.com\/en\/wp-json\/wp\/v2\/media?parent=24"}],"curies":[{"name":"wp","href":"https:\/\/api.w.org\/{rel}","templated":true}]}}