{"id":58,"date":"2022-11-29T16:30:40","date_gmt":"2022-11-29T16:30:40","guid":{"rendered":"http:\/\/stepadvising.com\/?page_id=58"},"modified":"2022-11-29T21:59:11","modified_gmt":"2022-11-29T21:59:11","slug":"nos-clients","status":"publish","type":"page","link":"https:\/\/stepadvising.com\/en\/nos-clients\/","title":{"rendered":"Our Clients"},"content":{"rendered":"<p>STEP combines competence, speed, reliability and confidentiality with its customers for a quality experience in the oil, gas and mining industry. To this end, it has accumulated significant references from the following oil and gas companies<\/p>\n\n\n\n<p>&#8211; <a href=\"https:\/\/www.perenco.com\/\" target=\"_blank\" rel=\"noreferrer noopener\">PERENCO RIO DEL REY (Cameroun)<\/a><\/p>\n\n\n\n<ul class=\"wp-block-list\"><\/ul>\n\n\n\n<p>&#8211; <a href=\"https:\/\/www.newafricanglobalenergy.com\/cameroon\/\" target=\"_blank\" rel=\"noreferrer noopener\">New Age Cameroun Offshore Petroleum SA<\/a><\/p>\n\n\n\n<p>&#8211; <a href=\"https:\/\/www.gazducameroun.com\/\" target=\"_blank\" rel=\"noreferrer noopener\">Gaz du Cameroun (Victoria P\u00e9trole et Gaz)<\/a><\/p>\n\n\n\n<p>&#8211; <a href=\"https:\/\/www.chevron.com\/stories\/chevron-noble-energy\" target=\"_blank\" rel=\"noreferrer noopener\">Noble Energy<\/a><\/p>\n\n\n\n<p>&#8211; <a href=\"https:\/\/www.towerresources.co.uk\/operations\/cameroon\/\" target=\"_blank\" rel=\"noreferrer noopener\">Tower Resources Cameroun SA<\/a><\/p>","protected":false},"excerpt":{"rendered":"<p>STEP allie comp\u00e9tence, rapidit\u00e9, fiabilit\u00e9 et confidentialit\u00e9 \u00e0 ses clients pour une exp\u00e9rience de qualit\u00e9 dans l\u2019industrie p\u00e9troli\u00e8re, gazi\u00e8re et mini\u00e8re. A cet effet, il cumule des r\u00e9f\u00e9rences significatives aupr\u00e8s des soci\u00e9t\u00e9s p\u00e9troli\u00e8res et gazi\u00e8res suivantes : &#8211; PERENCO RIO DEL REY (Cameroun) &#8211; New Age Cameroun Offshore Petroleum SA &#8211; Gaz du Cameroun (Victoria<\/p>\n<p class=\"more-link\"><a href=\"https:\/\/stepadvising.com\/en\/nos-clients\/\" class=\"themebutton\">Read More<\/a><\/p>","protected":false},"author":1,"featured_media":0,"parent":0,"menu_order":3,"comment_status":"closed","ping_status":"closed","template":"","meta":{"footnotes":""},"class_list":["post-58","page","type-page","status-publish","hentry"],"_links":{"self":[{"href":"https:\/\/stepadvising.com\/en\/wp-json\/wp\/v2\/pages\/58","targetHints":{"allow":["GET"]}}],"collection":[{"href":"https:\/\/stepadvising.com\/en\/wp-json\/wp\/v2\/pages"}],"about":[{"href":"https:\/\/stepadvising.com\/en\/wp-json\/wp\/v2\/types\/page"}],"author":[{"embeddable":true,"href":"https:\/\/stepadvising.com\/en\/wp-json\/wp\/v2\/users\/1"}],"replies":[{"embeddable":true,"href":"https:\/\/stepadvising.com\/en\/wp-json\/wp\/v2\/comments?post=58"}],"version-history":[{"count":4,"href":"https:\/\/stepadvising.com\/en\/wp-json\/wp\/v2\/pages\/58\/revisions"}],"predecessor-version":[{"id":108,"href":"https:\/\/stepadvising.com\/en\/wp-json\/wp\/v2\/pages\/58\/revisions\/108"}],"wp:attachment":[{"href":"https:\/\/stepadvising.com\/en\/wp-json\/wp\/v2\/media?parent=58"}],"curies":[{"name":"wp","href":"https:\/\/api.w.org\/{rel}","templated":true}]}}