{"id":8,"date":"2022-11-29T15:40:35","date_gmt":"2022-11-29T15:40:35","guid":{"rendered":"http:\/\/stepadvising.com\/?page_id=8"},"modified":"2022-11-29T15:41:27","modified_gmt":"2022-11-29T15:41:27","slug":"legislation-et-conformite","status":"publish","type":"page","link":"https:\/\/stepadvising.com\/en\/sample-page\/legislation-et-conformite\/","title":{"rendered":"Legislation and Compliance"},"content":{"rendered":"<p>In terms of legislation and compliance, we support you in the following areas:<\/p>\n\n\n\n<p>- Oil, gas and mining legislation<\/p>\n\n\n\n<p>\u2013 Compliance of contracts (due diligence)<\/p>\n\n\n\n<p>\u2013 Audit of Exploration\/Production operations and costs<\/p>\n\n\n\n<p>\u2013 Facilitation in various administrative procedures for Exploration and Production operations<\/p>\n\n\n\n<p>\u2013 Development of terms of reference, tender documents, evaluations, negotiations, allocation of blocks and contracts, and sharing of knowledge in Exploration and Production.<\/p>","protected":false},"excerpt":{"rendered":"<p>En mati\u00e8re de l\u00e9gislation et de conformit\u00e9, nous vous accompagnons dans les domaines suivants : &#8211; L\u00e9gislation p\u00e9troli\u00e8re, gazi\u00e8re et mini\u00e8re ; &#8211; Conformit\u00e9 des contrats (due-diligence) ; &#8211; Audit des op\u00e9rations et des co\u00fbts d\u2019Exploration\/Production ; &#8211; Facilitation dans les diverses d\u00e9marches administratives pour les op\u00e9rations Exploration et Production ; &#8211; Elaboration des termes<\/p>\n<p class=\"more-link\"><a href=\"https:\/\/stepadvising.com\/en\/sample-page\/legislation-et-conformite\/\" class=\"themebutton\">Read More<\/a><\/p>","protected":false},"author":1,"featured_media":0,"parent":2,"menu_order":0,"comment_status":"closed","ping_status":"closed","template":"","meta":{"footnotes":""},"class_list":["post-8","page","type-page","status-publish","hentry"],"_links":{"self":[{"href":"https:\/\/stepadvising.com\/en\/wp-json\/wp\/v2\/pages\/8","targetHints":{"allow":["GET"]}}],"collection":[{"href":"https:\/\/stepadvising.com\/en\/wp-json\/wp\/v2\/pages"}],"about":[{"href":"https:\/\/stepadvising.com\/en\/wp-json\/wp\/v2\/types\/page"}],"author":[{"embeddable":true,"href":"https:\/\/stepadvising.com\/en\/wp-json\/wp\/v2\/users\/1"}],"replies":[{"embeddable":true,"href":"https:\/\/stepadvising.com\/en\/wp-json\/wp\/v2\/comments?post=8"}],"version-history":[{"count":2,"href":"https:\/\/stepadvising.com\/en\/wp-json\/wp\/v2\/pages\/8\/revisions"}],"predecessor-version":[{"id":10,"href":"https:\/\/stepadvising.com\/en\/wp-json\/wp\/v2\/pages\/8\/revisions\/10"}],"up":[{"embeddable":true,"href":"https:\/\/stepadvising.com\/en\/wp-json\/wp\/v2\/pages\/2"}],"wp:attachment":[{"href":"https:\/\/stepadvising.com\/en\/wp-json\/wp\/v2\/media?parent=8"}],"curies":[{"name":"wp","href":"https:\/\/api.w.org\/{rel}","templated":true}]}}